{"id":13,"date":"2023-06-20T11:38:04","date_gmt":"2023-06-20T11:38:04","guid":{"rendered":"https:\/\/epackage.ro\/?page_id=13"},"modified":"2023-06-20T11:39:06","modified_gmt":"2023-06-20T11:39:06","slug":"refund_returns","status":"publish","type":"page","link":"https:\/\/epackage.ro\/?page_id=13","title":{"rendered":"Termeni si conditii"},"content":{"rendered":"\t\t<div data-elementor-type=\"wp-page\" data-elementor-id=\"13\" class=\"elementor elementor-13\">\n\t\t\t\t\t\t<section class=\"elementor-section elementor-top-section elementor-element elementor-element-642099d elementor-section-boxed elementor-section-height-default elementor-section-height-default\" data-id=\"642099d\" data-element_type=\"section\">\n\t\t\t\t\t\t<div class=\"elementor-container elementor-column-gap-default\">\n\t\t\t\t\t<div class=\"elementor-column elementor-col-100 elementor-top-column elementor-element elementor-element-146f9b5\" data-id=\"146f9b5\" data-element_type=\"column\">\n\t\t\t<div class=\"elementor-widget-wrap elementor-element-populated\">\n\t\t\t\t\t\t<div class=\"elementor-element elementor-element-b54e6e1 elementor-widget elementor-widget-heading\" data-id=\"b54e6e1\" data-element_type=\"widget\" data-widget_type=\"heading.default\">\n\t\t\t\t<div class=\"elementor-widget-container\">\n\t\t\t\t\t<h2 class=\"elementor-heading-title elementor-size-large\">Termeni si conditii<\/h2>\t\t\t\t<\/div>\n\t\t\t\t<\/div>\n\t\t\t\t\t<\/div>\n\t\t<\/div>\n\t\t\t\t\t<\/div>\n\t\t<\/section>\n\t\t\t\t<section class=\"elementor-section elementor-top-section elementor-element elementor-element-71f75cc elementor-section-full_width elementor-section-height-default elementor-section-height-default\" data-id=\"71f75cc\" data-element_type=\"section\">\n\t\t\t\t\t\t<div class=\"elementor-container elementor-column-gap-default\">\n\t\t\t\t\t<div class=\"elementor-column elementor-col-100 elementor-top-column elementor-element elementor-element-813c008\" data-id=\"813c008\" data-element_type=\"column\">\n\t\t\t<div class=\"elementor-widget-wrap elementor-element-populated\">\n\t\t\t\t\t\t<div class=\"elementor-element elementor-element-e0511ff elementor-widget elementor-widget-text-editor\" data-id=\"e0511ff\" data-element_type=\"widget\" data-widget_type=\"text-editor.default\">\n\t\t\t\t<div class=\"elementor-widget-container\">\n\t\t\t\t\t\t\t\t\t<p><b>Livrare:<\/b><\/p>\n<p>V\u00e2nz\u0103torul se oblig\u0103 s\u0103 livreze bunurile comandate c\u0103tre cump\u0103rator. V\u00e2nz\u0103torul va asigura ambalarea corespunzatoare a bunurilor \u0219i va asigura transmiterea documentelor \u00eenso\u021bitoare. V\u00e2nzatorul va efectua livrarea bunurilor \u0219i serviciilor numai pe teritoriul Rom\u00e2niei. Termenul de livrare este intre 24 si 72 de ore lucratoare dupa finalizarea comenzii.<\/p>\n<p style=\"text-align: left;\">\u00a0<\/p>\t\t\t\t\t\t\t\t<\/div>\n\t\t\t\t<\/div>\n\t\t\t\t\t<\/div>\n\t\t<\/div>\n\t\t\t\t\t<\/div>\n\t\t<\/section>\n\t\t\t\t<section class=\"elementor-section elementor-top-section elementor-element elementor-element-582f099 elementor-section-full_width elementor-section-height-default elementor-section-height-default\" data-id=\"582f099\" data-element_type=\"section\">\n\t\t\t\t\t\t<div class=\"elementor-container elementor-column-gap-default\">\n\t\t\t\t\t<div class=\"elementor-column elementor-col-100 elementor-top-column elementor-element elementor-element-453cd80\" data-id=\"453cd80\" data-element_type=\"column\">\n\t\t\t<div class=\"elementor-widget-wrap elementor-element-populated\">\n\t\t\t\t\t\t<div class=\"elementor-element elementor-element-8a495fa elementor-widget elementor-widget-text-editor\" data-id=\"8a495fa\" data-element_type=\"widget\" data-widget_type=\"text-editor.default\">\n\t\t\t\t<div class=\"elementor-widget-container\">\n\t\t\t\t\t\t\t\t\t<p><strong>Factura:<\/strong><\/p>\n<p>Facturile vor fi emise pe e-mail, imediat ce comanda a fost expediat\u0103.<\/p>\t\t\t\t\t\t\t\t<\/div>\n\t\t\t\t<\/div>\n\t\t\t\t\t<\/div>\n\t\t<\/div>\n\t\t\t\t\t<\/div>\n\t\t<\/section>\n\t\t\t\t<section class=\"elementor-section elementor-top-section elementor-element elementor-element-703dcf0 elementor-section-full_width elementor-section-height-default elementor-section-height-default\" data-id=\"703dcf0\" data-element_type=\"section\">\n\t\t\t\t\t\t<div class=\"elementor-container elementor-column-gap-default\">\n\t\t\t\t\t<div class=\"elementor-column elementor-col-100 elementor-top-column elementor-element elementor-element-fd93160\" data-id=\"fd93160\" data-element_type=\"column\">\n\t\t\t<div class=\"elementor-widget-wrap elementor-element-populated\">\n\t\t\t\t\t\t<div class=\"elementor-element elementor-element-8c58aeb elementor-widget elementor-widget-text-editor\" data-id=\"8c58aeb\" data-element_type=\"widget\" data-widget_type=\"text-editor.default\">\n\t\t\t\t<div class=\"elementor-widget-container\">\n\t\t\t\t\t\t\t\t\t<p><strong>Comenzile online:<\/strong><\/p>\n<p>Dac\u0103 comanda este plasat\u0103 online, un sumar al comenzii este emis imediat. Acest e-mail confirm\u0103 primirea comenzii de c\u0103tre companie; cu toate acestea nu serve\u0219te drept garan\u021bie c\u0103, compania va putea furniza toate articolele comenzii. Dac\u0103 compania nu poate accepta sau executa comand\u0103 din orice motiv, va fi contactat clientul.<\/p>\n<p>Sumarul comenzii emis de c\u0103tre site nu serve\u0219te drept confirmare obligatorie a comenzii.<\/p>\t\t\t\t\t\t\t\t<\/div>\n\t\t\t\t<\/div>\n\t\t\t\t\t<\/div>\n\t\t<\/div>\n\t\t\t\t\t<\/div>\n\t\t<\/section>\n\t\t\t\t<section class=\"elementor-section elementor-top-section elementor-element elementor-element-d625476 elementor-section-full_width elementor-section-height-default elementor-section-height-default\" data-id=\"d625476\" data-element_type=\"section\">\n\t\t\t\t\t\t<div class=\"elementor-container elementor-column-gap-default\">\n\t\t\t\t\t<div class=\"elementor-column elementor-col-100 elementor-top-column elementor-element elementor-element-a67cb6e\" data-id=\"a67cb6e\" data-element_type=\"column\">\n\t\t\t<div class=\"elementor-widget-wrap elementor-element-populated\">\n\t\t\t\t\t\t<div class=\"elementor-element elementor-element-98c3a94 elementor-widget elementor-widget-text-editor\" data-id=\"98c3a94\" data-element_type=\"widget\" data-widget_type=\"text-editor.default\">\n\t\t\t\t<div class=\"elementor-widget-container\">\n\t\t\t\t\t\t\t\t\t<p><strong>Pre\u021bul: <\/strong><\/p>\n<p>Pre\u021bul final pl\u0103tit de client este format din pre\u021bul produsului + cheltuielile de expedi\u021bie. Pre\u021burile de livrare sunt detaliate pe site. Toate pre\u021burile aferente produselor \u0219i serviciilor comercializate prin intermediul site-ului https:\/\/epackage.ro, sunt exprimate in Lei. La finalizarea comenzii pe site se adauga automat si TVA 19%.<\/p>\t\t\t\t\t\t\t\t<\/div>\n\t\t\t\t<\/div>\n\t\t\t\t\t<\/div>\n\t\t<\/div>\n\t\t\t\t\t<\/div>\n\t\t<\/section>\n\t\t\t\t<section class=\"elementor-section elementor-top-section elementor-element elementor-element-c935449 elementor-section-full_width elementor-section-height-default elementor-section-height-default\" data-id=\"c935449\" data-element_type=\"section\">\n\t\t\t\t\t\t<div class=\"elementor-container elementor-column-gap-default\">\n\t\t\t\t\t<div class=\"elementor-column elementor-col-100 elementor-top-column elementor-element elementor-element-66f3106\" data-id=\"66f3106\" data-element_type=\"column\">\n\t\t\t<div class=\"elementor-widget-wrap elementor-element-populated\">\n\t\t\t\t\t\t<div class=\"elementor-element elementor-element-8e678ef elementor-widget elementor-widget-text-editor\" data-id=\"8e678ef\" data-element_type=\"widget\" data-widget_type=\"text-editor.default\">\n\t\t\t\t<div class=\"elementor-widget-container\">\n\t\t\t\t\t\t\t\t\t<p><strong>Produse:\u00a0<\/strong><\/p>\n<p>Produsele de pe site nu contin TVA in pretul afisat.<\/p>\t\t\t\t\t\t\t\t<\/div>\n\t\t\t\t<\/div>\n\t\t\t\t\t<\/div>\n\t\t<\/div>\n\t\t\t\t\t<\/div>\n\t\t<\/section>\n\t\t\t\t<section class=\"elementor-section elementor-top-section elementor-element elementor-element-224a6f4 elementor-section-full_width elementor-section-height-default elementor-section-height-default\" data-id=\"224a6f4\" data-element_type=\"section\">\n\t\t\t\t\t\t<div class=\"elementor-container elementor-column-gap-default\">\n\t\t\t\t\t<div class=\"elementor-column elementor-col-100 elementor-top-column elementor-element elementor-element-b053c03\" data-id=\"b053c03\" data-element_type=\"column\">\n\t\t\t<div class=\"elementor-widget-wrap elementor-element-populated\">\n\t\t\t\t\t\t<div class=\"elementor-element elementor-element-79f037d elementor-widget elementor-widget-text-editor\" data-id=\"79f037d\" data-element_type=\"widget\" data-widget_type=\"text-editor.default\">\n\t\t\t\t<div class=\"elementor-widget-container\">\n\t\t\t\t\t\t\t\t\t<p><strong>Retur produse:<\/strong><\/p>\n<p>Produsele achizitionate de pe https:\/\/epackage.ro\u00a0 se pot returna\u00a0 daca acestea nu au fost folosite ( fara a se rupe eticheta, fara a se folosi produsele si fara a se deteriora ambalajul original ). Daca produsele returnate vor avea urme de folosinta\u00a0 atunci clientul nu poate sa returneze aceste produse.<\/p>\n<p>Daca produsele indeplinesc conditiile de mai sus se pot returna timp de 14 zile de la plasearea comezii. Costurile aferente returnatii produselor vor fi suportate de client.<\/p>\t\t\t\t\t\t\t\t<\/div>\n\t\t\t\t<\/div>\n\t\t\t\t\t<\/div>\n\t\t<\/div>\n\t\t\t\t\t<\/div>\n\t\t<\/section>\n\t\t\t\t<\/div>\n\t\t","protected":false},"excerpt":{"rendered":"<p>Termeni si conditii Livrare: V\u00e2nz\u0103torul se oblig\u0103 s\u0103 livreze bunurile comandate c\u0103tre cump\u0103rator. V\u00e2nz\u0103torul va asigura ambalarea corespunzatoare a bunurilor \u0219i va asigura transmiterea documentelor \u00eenso\u021bitoare. V\u00e2nzatorul va efectua livrarea bunurilor \u0219i serviciilor numai pe teritoriul Rom\u00e2niei. Termenul de livrare este intre 24 si 72 de ore lucratoare dupa finalizarea comenzii. Factura: Facturile vor fi&hellip; <a class=\"more-link\" href=\"https:\/\/epackage.ro\/?page_id=13\">Continu\u0103 lectura <span class=\"screen-reader-text\">Termeni si conditii<\/span><\/a><\/p>\n","protected":false},"author":1,"featured_media":0,"parent":0,"menu_order":0,"comment_status":"closed","ping_status":"closed","template":"elementor_header_footer","meta":{"footnotes":""},"class_list":["post-13","page","type-page","status-publish","hentry","entry"],"jetpack-related-posts":[{"id":10,"url":"https:\/\/epackage.ro\/?page_id=10","url_meta":{"origin":13,"position":0},"title":"Co\u0219","author":"epmin","date":"1 iunie 2023","format":false,"excerpt":"Co\u0219 de cump\u0103r\u0103turi Product Price Quantity Total Set 25 buc. cutii cu autoformare 380x220x80 mm 75,00\u00a0lei Cantitate Set 25 buc. cutii cu autoformare 380x220x80 mm 75,00\u00a0lei Coupon: Apply Coupon Continue Shopping Update Cart Subtotal 75,00\u00a0lei Livrare Urgent Cargus: 21,00\u00a0lei Livrare la Bihor. Modific\u0103 adresa \u021aar\u0103\/regiune: Selecteaz\u0103 o \u021bar\u0103\/regiune... Rom\u00e2nia Jude\u021b\/provincie\/stat:\u2026","rel":"","context":"Articol similar","block_context":{"text":"Articol similar","link":""},"img":{"alt_text":"","src":"https:\/\/i0.wp.com\/epackage.ro\/wp-content\/uploads\/2023\/06\/autoformanta_260x150x60-450x450.jpg?resize=350%2C200","width":350,"height":200},"classes":[]},{"id":331,"url":"https:\/\/epackage.ro\/?page_id=331","url_meta":{"origin":13,"position":1},"title":"Contact","author":"epmin","date":"8 iunie 2023","format":false,"excerpt":"SC EPACKAGE SRLTelefon: 0729 634 557Email: contact@epackage.rocontact.epackage@gmail.com","rel":"","context":"Articol similar","block_context":{"text":"Articol similar","link":""},"img":{"alt_text":"","src":"","width":0,"height":0},"classes":[]},{"id":294,"url":"https:\/\/epackage.ro\/","url_meta":{"origin":13,"position":2},"title":"Acasa","author":"epmin","date":"7 iunie 2023","format":false,"excerpt":"\u00a0 \u00a0 \u00a0 \u00a0 \u00a0 \u00a0 \u00a0 \u00a0 \u00a0Epackage - Ambalaje din carton de calitate pentru afacerea ta!\u00a0 \u00a0 \u00a0 \u00a0 \u00a0 \u00a0 \u00a0 \u00a0 \u00a0 \u00a0 \u00a0 \u00a0 \u00a0 \u00a0 \u00a0 \u00a0 \u00a0 \u00a0 \u00a0 \u00a0 \u00a0 \u00a0 \u00a0 \u00a0 \u00a0 \u00a0 \u00a0 \u00a0 \u00a0 \u00a0 \u00a0 \u00a0 \u00a0\u2026","rel":"","context":"Articol similar","block_context":{"text":"Articol similar","link":""},"img":{"alt_text":"","src":"https:\/\/i0.wp.com\/epackage.ro\/wp-content\/uploads\/2023\/06\/Ambalaje-carton-Cutii-personalizate-1024x729.png?resize=350%2C200","width":350,"height":200,"srcset":"https:\/\/i0.wp.com\/epackage.ro\/wp-content\/uploads\/2023\/06\/Ambalaje-carton-Cutii-personalizate-1024x729.png?resize=350%2C200 1x, https:\/\/i0.wp.com\/epackage.ro\/wp-content\/uploads\/2023\/06\/Ambalaje-carton-Cutii-personalizate-1024x729.png?resize=525%2C300 1.5x, https:\/\/i0.wp.com\/epackage.ro\/wp-content\/uploads\/2023\/06\/Ambalaje-carton-Cutii-personalizate-1024x729.png?resize=700%2C400 2x"},"classes":[]}],"jetpack_sharing_enabled":true,"_links":{"self":[{"href":"https:\/\/epackage.ro\/index.php?rest_route=\/wp\/v2\/pages\/13","targetHints":{"allow":["GET"]}}],"collection":[{"href":"https:\/\/epackage.ro\/index.php?rest_route=\/wp\/v2\/pages"}],"about":[{"href":"https:\/\/epackage.ro\/index.php?rest_route=\/wp\/v2\/types\/page"}],"author":[{"embeddable":true,"href":"https:\/\/epackage.ro\/index.php?rest_route=\/wp\/v2\/users\/1"}],"replies":[{"embeddable":true,"href":"https:\/\/epackage.ro\/index.php?rest_route=%2Fwp%2Fv2%2Fcomments&post=13"}],"version-history":[{"count":4,"href":"https:\/\/epackage.ro\/index.php?rest_route=\/wp\/v2\/pages\/13\/revisions"}],"predecessor-version":[{"id":793,"href":"https:\/\/epackage.ro\/index.php?rest_route=\/wp\/v2\/pages\/13\/revisions\/793"}],"wp:attachment":[{"href":"https:\/\/epackage.ro\/index.php?rest_route=%2Fwp%2Fv2%2Fmedia&parent=13"}],"curies":[{"name":"wp","href":"https:\/\/api.w.org\/{rel}","templated":true}]}}